
{"id":2868,"date":"2024-06-18T11:44:52","date_gmt":"2024-06-18T11:44:52","guid":{"rendered":"https:\/\/www.squidapp.co\/?page_id=2868"},"modified":"2025-03-26T13:51:29","modified_gmt":"2025-03-26T13:51:29","slug":"apply-to-become-a-publisher","status":"publish","type":"page","link":"https:\/\/www.squidapp.co\/fr\/apply-to-become-a-publisher\/","title":{"rendered":"Postuler pour devenir \u00e9diteur"},"content":{"rendered":"<div data-elementor-type=\"wp-page\" data-elementor-id=\"2868\" class=\"elementor elementor-2868\">\n\t\t\t\t<div class=\"elementor-element elementor-element-395d02e e-flex e-con-boxed e-con e-parent\" data-id=\"395d02e\" data-element_type=\"container\" data-e-type=\"container\" data-settings=\"{&quot;background_background&quot;:&quot;gradient&quot;,&quot;shape_divider_bottom&quot;:&quot;waves&quot;}\">\n\t\t\t\t\t<div class=\"e-con-inner\">\n\t\t\t\t<div class=\"elementor-shape elementor-shape-bottom\" aria-hidden=\"true\" data-negative=\"false\">\n\t\t\t<svg xmlns=\"http:\/\/www.w3.org\/2000\/svg\" viewbox=\"0 0 1000 100\" preserveaspectratio=\"none\">\n\t<path class=\"elementor-shape-fill\" d=\"M421.9,6.5c22.6-2.5,51.5,0.4,75.5,5.3c23.6,4.9,70.9,23.5,100.5,35.7c75.8,32.2,133.7,44.5,192.6,49.7\tc23.6,2.1,48.7,3.5,103.4-2.5c54.7-6,106.2-25.6,106.2-25.6V0H0v30.3c0,0,72,32.6,158.4,30.5c39.2-0.7,92.8-6.7,134-22.4\tc21.2-8.1,52.2-18.2,79.7-24.2C399.3,7.9,411.6,7.5,421.9,6.5z\"\/>\n<\/svg>\t\t<\/div>\n\t\t<div class=\"elementor-element elementor-element-4e461c1 e-con-full e-flex e-con e-child\" data-id=\"4e461c1\" data-element_type=\"container\" data-e-type=\"container\">\n\t\t\t\t<div class=\"elementor-element elementor-element-7c8d341 elementor-widget elementor-widget-heading\" data-id=\"7c8d341\" data-element_type=\"widget\" data-e-type=\"widget\" data-widget_type=\"heading.default\">\n\t\t\t\t<div class=\"elementor-widget-container\">\n\t\t\t\t\t<h2 class=\"elementor-heading-title elementor-size-default\">Postuler pour devenir \u00e9diteur<\/h2>\t\t\t\t<\/div>\n\t\t\t\t<\/div>\n\t\t\t\t<\/div>\n\t\t\t\t<div class=\"elementor-element elementor-element-a8f8793 elementor-widget elementor-widget-form\" data-id=\"a8f8793\" data-element_type=\"widget\" data-e-type=\"widget\" data-widget_type=\"form.default\">\n\t\t\t\t<div class=\"elementor-widget-container\">\n\t\t\t\t\t \t\t\t\t<\/div>\n\t\t\t\t<\/div>\n\t\t\t\t\t<\/div>\n\t\t\t\t<\/div>\n\t\t\t\t<\/div>","protected":false},"excerpt":{"rendered":"<p>Postuler pour devenir \u00e9diteur<\/p>","protected":false},"author":1,"featured_media":0,"parent":0,"menu_order":0,"comment_status":"closed","ping_status":"closed","template":"","meta":{"content-type":"","om_disable_all_campaigns":false,"_uag_custom_page_level_css":"","site-sidebar-layout":"no-sidebar","site-content-layout":"page-builder","ast-site-content-layout":"full-width-container","site-content-style":"default","site-sidebar-style":"default","ast-global-header-display":"","ast-banner-title-visibility":"","ast-main-header-display":"","ast-hfb-above-header-display":"","ast-hfb-below-header-display":"","ast-hfb-mobile-header-display":"","site-post-title":"disabled","ast-breadcrumbs-content":"","ast-featured-img":"disabled","footer-sml-layout":"","theme-transparent-header-meta":"","adv-header-id-meta":"","stick-header-meta":"","header-above-stick-meta":"","header-main-stick-meta":"","header-below-stick-meta":"","astra-migrate-meta-layouts":"default","ast-page-background-enabled":"default","ast-page-background-meta":{"desktop":{"background-color":"var(--ast-global-color-4)","background-image":"","background-repeat":"repeat","background-position":"center center","background-size":"auto","background-attachment":"scroll","background-type":"","background-media":"","overlay-type":"","overlay-color":"","overlay-opacity":"","overlay-gradient":""},"tablet":{"background-color":"","background-image":"","background-repeat":"repeat","background-position":"center center","background-size":"auto","background-attachment":"scroll","background-type":"","background-media":"","overlay-type":"","overlay-color":"","overlay-opacity":"","overlay-gradient":""},"mobile":{"background-color":"","background-image":"","background-repeat":"repeat","background-position":"center center","background-size":"auto","background-attachment":"scroll","background-type":"","background-media":"","overlay-type":"","overlay-color":"","overlay-opacity":"","overlay-gradient":""}},"ast-content-background-meta":{"desktop":{"background-color":"var(--ast-global-color-5)","background-image":"","background-repeat":"repeat","background-position":"center center","background-size":"auto","background-attachment":"scroll","background-type":"","background-media":"","overlay-type":"","overlay-color":"","overlay-opacity":"","overlay-gradient":""},"tablet":{"background-color":"var(--ast-global-color-5)","background-image":"","background-repeat":"repeat","background-position":"center center","background-size":"auto","background-attachment":"scroll","background-type":"","background-media":"","overlay-type":"","overlay-color":"","overlay-opacity":"","overlay-gradient":""},"mobile":{"background-color":"var(--ast-global-color-5)","background-image":"","background-repeat":"repeat","background-position":"center center","background-size":"auto","background-attachment":"scroll","background-type":"","background-media":"","overlay-type":"","overlay-color":"","overlay-opacity":"","overlay-gradient":""}},"footnotes":""},"class_list":["post-2868","page","type-page","status-publish","hentry"],"yoast_head":"<!-- This site is optimized with the Yoast SEO plugin v26.3 - https:\/\/yoast.com\/wordpress\/plugins\/seo\/ -->\n<title>Apply to Become a Publisher - SQUID News App<\/title>\n<meta name=\"robots\" content=\"index, follow, max-snippet:-1, max-image-preview:large, max-video-preview:-1\" \/>\n<link rel=\"canonical\" href=\"https:\/\/www.squidapp.co\/fr\/apply-to-become-a-publisher\/\" \/>\n<meta property=\"og:locale\" content=\"fr_FR\" \/>\n<meta property=\"og:type\" content=\"article\" \/>\n<meta property=\"og:title\" content=\"Apply to Become a Publisher - SQUID News App\" \/>\n<meta property=\"og:description\" content=\"Apply to Become a Publisher\" \/>\n<meta property=\"og:url\" content=\"https:\/\/www.squidapp.co\/fr\/apply-to-become-a-publisher\/\" \/>\n<meta property=\"og:site_name\" content=\"SQUID News App\" \/>\n<meta property=\"article:publisher\" content=\"https:\/\/www.facebook.com\/SquidAppUK\/\" \/>\n<meta property=\"article:modified_time\" content=\"2025-03-26T13:51:29+00:00\" \/>\n<meta name=\"twitter:card\" content=\"summary_large_image\" \/>\n<meta name=\"twitter:label1\" content=\"Dur\u00e9e de lecture estim\u00e9e\" \/>\n\t<meta name=\"twitter:data1\" content=\"1 minute\" \/>\n<script type=\"application\/ld+json\" class=\"yoast-schema-graph\">{\"@context\":\"https:\/\/schema.org\",\"@graph\":[{\"@type\":\"WebPage\",\"@id\":\"https:\/\/www.squidapp.co\/apply-to-become-a-publisher\/\",\"url\":\"https:\/\/www.squidapp.co\/apply-to-become-a-publisher\/\",\"name\":\"Apply to Become a Publisher - SQUID News App\",\"isPartOf\":{\"@id\":\"https:\/\/www.squidapp.co\/#website\"},\"datePublished\":\"2024-06-18T11:44:52+00:00\",\"dateModified\":\"2025-03-26T13:51:29+00:00\",\"breadcrumb\":{\"@id\":\"https:\/\/www.squidapp.co\/apply-to-become-a-publisher\/#breadcrumb\"},\"inLanguage\":\"fr-FR\",\"potentialAction\":[{\"@type\":\"ReadAction\",\"target\":[\"https:\/\/www.squidapp.co\/apply-to-become-a-publisher\/\"]}]},{\"@type\":\"BreadcrumbList\",\"@id\":\"https:\/\/www.squidapp.co\/apply-to-become-a-publisher\/#breadcrumb\",\"itemListElement\":[{\"@type\":\"ListItem\",\"position\":1,\"name\":\"Home\",\"item\":\"https:\/\/www.squidapp.co\/\"},{\"@type\":\"ListItem\",\"position\":2,\"name\":\"Apply to Become a Publisher\"}]},{\"@type\":\"WebSite\",\"@id\":\"https:\/\/www.squidapp.co\/#website\",\"url\":\"https:\/\/www.squidapp.co\/\",\"name\":\"SQUID News App\",\"description\":\"Experience the world&#039;s top news sources in one place with SQUID, the global news app and aggregator. Enjoy personalized content and native ads tailored to your interests worldwide. Partner with us as a publisher, content creator, or advertising partner to reach a diverse global audience.\",\"publisher\":{\"@id\":\"https:\/\/www.squidapp.co\/#organization\"},\"potentialAction\":[{\"@type\":\"SearchAction\",\"target\":{\"@type\":\"EntryPoint\",\"urlTemplate\":\"https:\/\/www.squidapp.co\/?s={search_term_string}\"},\"query-input\":{\"@type\":\"PropertyValueSpecification\",\"valueRequired\":true,\"valueName\":\"search_term_string\"}}],\"inLanguage\":\"fr-FR\"},{\"@type\":\"Organization\",\"@id\":\"https:\/\/www.squidapp.co\/#organization\",\"name\":\"SQUID (Njuice AB)\",\"url\":\"https:\/\/www.squidapp.co\/\",\"logo\":{\"@type\":\"ImageObject\",\"inLanguage\":\"fr-FR\",\"@id\":\"https:\/\/www.squidapp.co\/#\/schema\/logo\/image\/\",\"url\":\"https:\/\/www.squidapp.co\/wp-content\/uploads\/2024\/06\/SQUID-logo-512x512-blue-1.png\",\"contentUrl\":\"https:\/\/www.squidapp.co\/wp-content\/uploads\/2024\/06\/SQUID-logo-512x512-blue-1.png\",\"width\":512,\"height\":512,\"caption\":\"SQUID (Njuice AB)\"},\"image\":{\"@id\":\"https:\/\/www.squidapp.co\/#\/schema\/logo\/image\/\"},\"sameAs\":[\"https:\/\/www.facebook.com\/SquidAppUK\/\",\"https:\/\/www.instagram.com\/squid.app\/\",\"https:\/\/www.tiktok.com\/@squidnews\"]}]}<\/script>\n<!-- \/ Yoast SEO plugin. -->","yoast_head_json":{"title":"Apply to Become a Publisher - SQUID News App","robots":{"index":"index","follow":"follow","max-snippet":"max-snippet:-1","max-image-preview":"max-image-preview:large","max-video-preview":"max-video-preview:-1"},"canonical":"https:\/\/www.squidapp.co\/fr\/apply-to-become-a-publisher\/","og_locale":"fr_FR","og_type":"article","og_title":"Apply to Become a Publisher - SQUID News App","og_description":"Apply to Become a Publisher","og_url":"https:\/\/www.squidapp.co\/fr\/apply-to-become-a-publisher\/","og_site_name":"SQUID News App","article_publisher":"https:\/\/www.facebook.com\/SquidAppUK\/","article_modified_time":"2025-03-26T13:51:29+00:00","twitter_card":"summary_large_image","twitter_misc":{"Dur\u00e9e de lecture estim\u00e9e":"1 minute"},"schema":{"@context":"https:\/\/schema.org","@graph":[{"@type":"WebPage","@id":"https:\/\/www.squidapp.co\/apply-to-become-a-publisher\/","url":"https:\/\/www.squidapp.co\/apply-to-become-a-publisher\/","name":"Apply to Become a Publisher - SQUID News App","isPartOf":{"@id":"https:\/\/www.squidapp.co\/#website"},"datePublished":"2024-06-18T11:44:52+00:00","dateModified":"2025-03-26T13:51:29+00:00","breadcrumb":{"@id":"https:\/\/www.squidapp.co\/apply-to-become-a-publisher\/#breadcrumb"},"inLanguage":"fr-FR","potentialAction":[{"@type":"ReadAction","target":["https:\/\/www.squidapp.co\/apply-to-become-a-publisher\/"]}]},{"@type":"BreadcrumbList","@id":"https:\/\/www.squidapp.co\/apply-to-become-a-publisher\/#breadcrumb","itemListElement":[{"@type":"ListItem","position":1,"name":"Home","item":"https:\/\/www.squidapp.co\/"},{"@type":"ListItem","position":2,"name":"Apply to Become a Publisher"}]},{"@type":"WebSite","@id":"https:\/\/www.squidapp.co\/#website","url":"https:\/\/www.squidapp.co\/","name":"SQUID News App","description":"D\u00e9couvrez les meilleures sources d'information du monde en un seul endroit avec SQUID, l'application et l'agr\u00e9gateur d'actualit\u00e9s mondiales. Profitez d'un contenu personnalis\u00e9 et de publicit\u00e9s natives adapt\u00e9es \u00e0 vos centres d'int\u00e9r\u00eat dans le monde entier. Devenez notre partenaire en tant qu'\u00e9diteur, cr\u00e9ateur de contenu ou partenaire publicitaire pour atteindre un public mondial diversifi\u00e9.","publisher":{"@id":"https:\/\/www.squidapp.co\/#organization"},"potentialAction":[{"@type":"SearchAction","target":{"@type":"EntryPoint","urlTemplate":"https:\/\/www.squidapp.co\/?s={search_term_string}"},"query-input":{"@type":"PropertyValueSpecification","valueRequired":true,"valueName":"search_term_string"}}],"inLanguage":"fr-FR"},{"@type":"Organization","@id":"https:\/\/www.squidapp.co\/#organization","name":"SQUID (Njuice AB)","url":"https:\/\/www.squidapp.co\/","logo":{"@type":"ImageObject","inLanguage":"fr-FR","@id":"https:\/\/www.squidapp.co\/#\/schema\/logo\/image\/","url":"https:\/\/www.squidapp.co\/wp-content\/uploads\/2024\/06\/SQUID-logo-512x512-blue-1.png","contentUrl":"https:\/\/www.squidapp.co\/wp-content\/uploads\/2024\/06\/SQUID-logo-512x512-blue-1.png","width":512,"height":512,"caption":"SQUID (Njuice AB)"},"image":{"@id":"https:\/\/www.squidapp.co\/#\/schema\/logo\/image\/"},"sameAs":["https:\/\/www.facebook.com\/SquidAppUK\/","https:\/\/www.instagram.com\/squid.app\/","https:\/\/www.tiktok.com\/@squidnews"]}]}},"jetpack_sharing_enabled":true,"uagb_featured_image_src":{"full":false,"thumbnail":false,"medium":false,"medium_large":false,"large":false,"1536x1536":false,"2048x2048":false,"trp-custom-language-flag":false},"uagb_author_info":{"display_name":"user","author_link":"https:\/\/www.squidapp.co\/fr\/author\/user\/"},"uagb_comment_info":0,"uagb_excerpt":"Apply to Become a Publisher","_links":{"self":[{"href":"https:\/\/www.squidapp.co\/fr\/wp-json\/wp\/v2\/pages\/2868","targetHints":{"allow":["GET"]}}],"collection":[{"href":"https:\/\/www.squidapp.co\/fr\/wp-json\/wp\/v2\/pages"}],"about":[{"href":"https:\/\/www.squidapp.co\/fr\/wp-json\/wp\/v2\/types\/page"}],"author":[{"embeddable":true,"href":"https:\/\/www.squidapp.co\/fr\/wp-json\/wp\/v2\/users\/1"}],"replies":[{"embeddable":true,"href":"https:\/\/www.squidapp.co\/fr\/wp-json\/wp\/v2\/comments?post=2868"}],"version-history":[{"count":0,"href":"https:\/\/www.squidapp.co\/fr\/wp-json\/wp\/v2\/pages\/2868\/revisions"}],"wp:attachment":[{"href":"https:\/\/www.squidapp.co\/fr\/wp-json\/wp\/v2\/media?parent=2868"}],"curies":[{"name":"wp","href":"https:\/\/api.w.org\/{rel}","templated":true}]}}